{"id":2222,"date":"2020-02-04T16:57:10","date_gmt":"2020-02-04T14:57:10","guid":{"rendered":"https:\/\/parosvillasophie.gr\/situation\/"},"modified":"2026-04-14T19:12:02","modified_gmt":"2026-04-14T16:12:02","slug":"situation","status":"publish","type":"page","link":"https:\/\/www.parosvillasophie.gr\/fr\/situation\/","title":{"rendered":"Emplacement"},"content":{"rendered":"<p><div class=\"fusion-fullwidth fullwidth-box fusion-builder-row-1 nonhundred-percent-fullwidth non-hundred-percent-height-scrolling\" style=\"background-color: rgba(255,255,255,0);background-position: left top;background-repeat: no-repeat;padding-top:70px;padding-right:0px;padding-bottom:40px;padding-left:0px;margin-bottom: 0px;margin-top: 0px;border-width: 0px 0px 0px 0px;border-color:#eae9e9;border-style:solid;\" ><div class=\"fusion-builder-row fusion-row\"><div class=\"fusion-layout-column fusion_builder_column fusion-builder-column-0 fusion_builder_column_1_2 1_2 fusion-one-half fusion-column-first fusion-column-no-min-height\" style=\"width:48%; margin-right: 4%;margin-top:0px;margin-bottom:0px;\"><div class=\"fusion-column-wrapper fusion-flex-column-wrapper-legacy\" style=\"background-position:left top;background-repeat:no-repeat;-webkit-background-size:cover;-moz-background-size:cover;-o-background-size:cover;background-size:cover;padding: 0px 0px 0px 0px;\"><style type=\"text\/css\"><\/style><div class=\"fusion-title title fusion-title-1 fusion-title-text fusion-title-size-one\" style=\"margin-top:0px;margin-right:0px;margin-bottom:30px;margin-left:0px;\"><h1 class=\"title-heading-left fusion-responsive-typography-calculated\" style=\"margin:0;--fontSize:46;line-height:1.11;\"><h1 style=\"text-align: left;\">Incroyable Naoussa !<\/h1><\/h1><div class=\"title-sep-container\"><div class=\"title-sep sep-\" style=\"border-color:#e0dede;\"><\/div><\/div><\/div><div class=\"fusion-text fusion-text-1\"><p><strong>La Villa Sophie est situ\u00e9e \u00e0 proximit\u00e9 du centre de Naoussa<\/strong> et de l&rsquo;une de ses plages. Vous pouvez facilement atteindre de nombreuses autres belles plages en voiture ou en transports en commun. Tr\u00e8s pr\u00e8s des chambres se trouvent une boulangerie, un mini-march\u00e9 et d\u2019autres boutiques.<\/p>\n<p><strong>Naoussa elle-m\u00eame est l&rsquo;un des plus beaux ports de p\u00eache des Cyclades:<\/strong> ruelles \u00e9troites, quelques endroits anim\u00e9s et des vues traditionnelles&#8230; tout se fond dans une merveilleuse \u00ab carte postale \u00bb, authentique et simple. Depuis le port principal de Paros, vous pouvez facilement organiser des croisi\u00e8res d&rsquo;une journ\u00e9e vers d&rsquo;autres \u00eeles grecques.<\/p>\n<p>De plus, \u00e0 Villa Sophie, vous pouvez r\u00e9server des excursions d\u2019une journ\u00e9e depuis le port de Naoussa vers d\u2019autres \u00eeles proches de Paros.<\/p>\n<\/div><div class=\"fusion-clearfix\"><\/div><\/div><\/div><div class=\"fusion-layout-column fusion_builder_column fusion-builder-column-1 fusion_builder_column_1_2 1_2 fusion-one-half fusion-column-last fusion-column-no-min-height\" style=\"width:48%;margin-top:0px;margin-bottom:0px;\"><div class=\"fusion-column-wrapper fusion-flex-column-wrapper-legacy\" style=\"background-position:left top;background-repeat:no-repeat;-webkit-background-size:cover;-moz-background-size:cover;-o-background-size:cover;background-size:cover;padding: 0px 0px 0px 0px;\"><span class=\" fusion-imageframe imageframe-none imageframe-1 hover-type-none\"><img decoding=\"async\" width=\"1024\" height=\"678\" title=\"Naoussa-Paros\" src=\"https:\/\/www.parosvillasophie.gr\/wp-content\/uploads\/2020\/01\/naoussa-paros.jpg\" data-orig-src=\"https:\/\/www.parosvillasophie.gr\/wp-content\/uploads\/2020\/01\/naoussa-paros-1024x678.jpg\" class=\"lazyload img-responsive wp-image-2063\" srcset=\"data:image\/svg+xml,%3Csvg%20xmlns%3D%27http%3A%2F%2Fwww.w3.org%2F2000%2Fsvg%27%20width%3D%271400%27%20height%3D%27927%27%20viewBox%3D%270%200%201400%20927%27%3E%3Crect%20width%3D%271400%27%20height%3D%27927%27%20fill-opacity%3D%220%22%2F%3E%3C%2Fsvg%3E\" data-srcset=\"https:\/\/www.parosvillasophie.gr\/wp-content\/uploads\/2020\/01\/naoussa-paros-200x132.jpg 200w, https:\/\/www.parosvillasophie.gr\/wp-content\/uploads\/2020\/01\/naoussa-paros-400x265.jpg 400w, https:\/\/www.parosvillasophie.gr\/wp-content\/uploads\/2020\/01\/naoussa-paros-600x397.jpg 600w, https:\/\/www.parosvillasophie.gr\/wp-content\/uploads\/2020\/01\/naoussa-paros-800x530.jpg 800w, https:\/\/www.parosvillasophie.gr\/wp-content\/uploads\/2020\/01\/naoussa-paros-1200x795.jpg 1200w, https:\/\/www.parosvillasophie.gr\/wp-content\/uploads\/2020\/01\/naoussa-paros.jpg 1400w\" data-sizes=\"auto\" data-orig-sizes=\"(max-width: 1105px) 100vw, 600px\" \/><\/span><div class=\"fusion-clearfix\"><\/div><\/div><\/div><\/div><\/div><div class=\"fusion-fullwidth fullwidth-box fusion-builder-row-2 hundred-percent-fullwidth non-hundred-percent-height-scrolling\" style=\"background-color: rgba(255,255,255,0);background-position: left top;background-repeat: no-repeat;padding-top:0px;padding-right:0px;padding-bottom:0px;padding-left:0px;margin-bottom: 0px;margin-top: 0px;border-width: 0px 0px 0px 0px;border-color:#eae9e9;border-style:solid;\" ><div class=\"fusion-builder-row fusion-row\"><div class=\"fusion-layout-column fusion_builder_column fusion-builder-column-2 fusion_builder_column_1_1 1_1 fusion-one-full fusion-column-first fusion-column-last fusion-column-no-min-height\" style=\"margin-top:0px;margin-bottom:0px;\"><div class=\"fusion-column-wrapper fusion-flex-column-wrapper-legacy\" style=\"background-position:left top;background-repeat:no-repeat;-webkit-background-size:cover;-moz-background-size:cover;-o-background-size:cover;background-size:cover;padding: 0px 0px 0px 0px;\"><div class=\"shortcode-map fusion-google-map fusion-maps-embed-type\"><iframe width=\"100%\" height=\"400px\" frameborder=\"0\" style=\"border:0\" src=\"https:\/\/www.google.com\/maps\/embed\/v1\/place?key=AIzaSyDzP_JTHWqzfifPKi3kUGHVK9BcM8o8cvI&language=fr&q=37.121954,+25.241874&maptype=roadmap&zoom=16\" allowfullscreen><\/iframe><\/div><div class=\"fusion-clearfix\"><\/div><\/div><\/div><\/div><\/div><\/p>\n","protected":false},"excerpt":{"rendered":"","protected":false},"author":1,"featured_media":0,"parent":0,"menu_order":0,"comment_status":"closed","ping_status":"closed","template":"","meta":{"footnotes":""},"class_list":["post-2222","page","type-page","status-publish","hentry"],"yoast_head":"<!-- This site is optimized with the Yoast SEO plugin v27.4 - https:\/\/yoast.com\/product\/yoast-seo-wordpress\/ -->\n<title>Chambres \u00e0 Naoussa Paros, Villa Sophie - \u00celes grecques<\/title>\n<meta name=\"description\" content=\"Les chambres de la Villa Sophie sont situ\u00e9es tout pr\u00e8s du centre de Naoussa, sur Paros dans les \u00eeles grecques. Pr\u00e8s des chambres, il y a une jolie plage de sable.\" \/>\n<meta name=\"robots\" content=\"index, follow, max-snippet:-1, max-image-preview:large, max-video-preview:-1\" \/>\n<link rel=\"canonical\" href=\"https:\/\/www.parosvillasophie.gr\/fr\/situation\/\" \/>\n<meta property=\"og:locale\" content=\"fr_FR\" \/>\n<meta property=\"og:type\" content=\"article\" \/>\n<meta property=\"og:title\" content=\"Chambres \u00e0 Naoussa Paros, Villa Sophie - \u00celes grecques\" \/>\n<meta property=\"og:description\" content=\"Les chambres de la Villa Sophie sont situ\u00e9es tout pr\u00e8s du centre de Naoussa, sur Paros dans les \u00eeles grecques. Pr\u00e8s des chambres, il y a une jolie plage de sable.\" \/>\n<meta property=\"og:url\" content=\"https:\/\/www.parosvillasophie.gr\/fr\/situation\/\" \/>\n<meta property=\"og:site_name\" content=\"Villa Sophie\" \/>\n<meta property=\"article:publisher\" content=\"https:\/\/www.facebook.com\/parosvillasophie.gr\/\" \/>\n<meta property=\"article:modified_time\" content=\"2026-04-14T16:12:02+00:00\" \/>\n<meta name=\"twitter:card\" content=\"summary_large_image\" \/>\n<meta name=\"twitter:label1\" content=\"Dur\u00e9e de lecture estim\u00e9e\" \/>\n\t<meta name=\"twitter:data1\" content=\"4 minutes\" \/>\n<script type=\"application\/ld+json\" class=\"yoast-schema-graph\">{\"@context\":\"https:\\\/\\\/schema.org\",\"@graph\":[{\"@type\":\"WebPage\",\"@id\":\"https:\\\/\\\/www.parosvillasophie.gr\\\/fr\\\/situation\\\/\",\"url\":\"https:\\\/\\\/www.parosvillasophie.gr\\\/fr\\\/situation\\\/\",\"name\":\"Chambres \u00e0 Naoussa Paros, Villa Sophie - \u00celes grecques\",\"isPartOf\":{\"@id\":\"https:\\\/\\\/www.parosvillasophie.gr\\\/fr\\\/#website\"},\"datePublished\":\"2020-02-04T14:57:10+00:00\",\"dateModified\":\"2026-04-14T16:12:02+00:00\",\"description\":\"Les chambres de la Villa Sophie sont situ\u00e9es tout pr\u00e8s du centre de Naoussa, sur Paros dans les \u00eeles grecques. Pr\u00e8s des chambres, il y a une jolie plage de sable.\",\"breadcrumb\":{\"@id\":\"https:\\\/\\\/www.parosvillasophie.gr\\\/fr\\\/situation\\\/#breadcrumb\"},\"inLanguage\":\"fr-FR\",\"potentialAction\":[{\"@type\":\"ReadAction\",\"target\":[\"https:\\\/\\\/www.parosvillasophie.gr\\\/fr\\\/situation\\\/\"]}]},{\"@type\":\"BreadcrumbList\",\"@id\":\"https:\\\/\\\/www.parosvillasophie.gr\\\/fr\\\/situation\\\/#breadcrumb\",\"itemListElement\":[{\"@type\":\"ListItem\",\"position\":1,\"name\":\"Home\",\"item\":\"https:\\\/\\\/www.parosvillasophie.gr\\\/fr\\\/\"},{\"@type\":\"ListItem\",\"position\":2,\"name\":\"Emplacement\"}]},{\"@type\":\"WebSite\",\"@id\":\"https:\\\/\\\/www.parosvillasophie.gr\\\/fr\\\/#website\",\"url\":\"https:\\\/\\\/www.parosvillasophie.gr\\\/fr\\\/\",\"name\":\"Villa Sophie\",\"description\":\"Hotel in Naoussa Paros\",\"publisher\":{\"@id\":\"https:\\\/\\\/www.parosvillasophie.gr\\\/fr\\\/#organization\"},\"potentialAction\":[{\"@type\":\"SearchAction\",\"target\":{\"@type\":\"EntryPoint\",\"urlTemplate\":\"https:\\\/\\\/www.parosvillasophie.gr\\\/fr\\\/?s={search_term_string}\"},\"query-input\":{\"@type\":\"PropertyValueSpecification\",\"valueRequired\":true,\"valueName\":\"search_term_string\"}}],\"inLanguage\":\"fr-FR\"},{\"@type\":\"Organization\",\"@id\":\"https:\\\/\\\/www.parosvillasophie.gr\\\/fr\\\/#organization\",\"name\":\"Paros Villa Sophie\",\"url\":\"https:\\\/\\\/www.parosvillasophie.gr\\\/fr\\\/\",\"logo\":{\"@type\":\"ImageObject\",\"inLanguage\":\"fr-FR\",\"@id\":\"https:\\\/\\\/www.parosvillasophie.gr\\\/fr\\\/#\\\/schema\\\/logo\\\/image\\\/\",\"url\":\"https:\\\/\\\/parosvillasophie.gr\\\/wp-content\\\/uploads\\\/2020\\\/01\\\/avada-logo-x2.png\",\"contentUrl\":\"https:\\\/\\\/parosvillasophie.gr\\\/wp-content\\\/uploads\\\/2020\\\/01\\\/avada-logo-x2.png\",\"width\":400,\"height\":170,\"caption\":\"Paros Villa Sophie\"},\"image\":{\"@id\":\"https:\\\/\\\/www.parosvillasophie.gr\\\/fr\\\/#\\\/schema\\\/logo\\\/image\\\/\"},\"sameAs\":[\"https:\\\/\\\/www.facebook.com\\\/parosvillasophie.gr\\\/\"]}]}<\/script>\n<!-- \/ Yoast SEO plugin. -->","yoast_head_json":{"title":"Chambres \u00e0 Naoussa Paros, Villa Sophie - \u00celes grecques","description":"Les chambres de la Villa Sophie sont situ\u00e9es tout pr\u00e8s du centre de Naoussa, sur Paros dans les \u00eeles grecques. Pr\u00e8s des chambres, il y a une jolie plage de sable.","robots":{"index":"index","follow":"follow","max-snippet":"max-snippet:-1","max-image-preview":"max-image-preview:large","max-video-preview":"max-video-preview:-1"},"canonical":"https:\/\/www.parosvillasophie.gr\/fr\/situation\/","og_locale":"fr_FR","og_type":"article","og_title":"Chambres \u00e0 Naoussa Paros, Villa Sophie - \u00celes grecques","og_description":"Les chambres de la Villa Sophie sont situ\u00e9es tout pr\u00e8s du centre de Naoussa, sur Paros dans les \u00eeles grecques. Pr\u00e8s des chambres, il y a une jolie plage de sable.","og_url":"https:\/\/www.parosvillasophie.gr\/fr\/situation\/","og_site_name":"Villa Sophie","article_publisher":"https:\/\/www.facebook.com\/parosvillasophie.gr\/","article_modified_time":"2026-04-14T16:12:02+00:00","twitter_card":"summary_large_image","twitter_misc":{"Dur\u00e9e de lecture estim\u00e9e":"4 minutes"},"schema":{"@context":"https:\/\/schema.org","@graph":[{"@type":"WebPage","@id":"https:\/\/www.parosvillasophie.gr\/fr\/situation\/","url":"https:\/\/www.parosvillasophie.gr\/fr\/situation\/","name":"Chambres \u00e0 Naoussa Paros, Villa Sophie - \u00celes grecques","isPartOf":{"@id":"https:\/\/www.parosvillasophie.gr\/fr\/#website"},"datePublished":"2020-02-04T14:57:10+00:00","dateModified":"2026-04-14T16:12:02+00:00","description":"Les chambres de la Villa Sophie sont situ\u00e9es tout pr\u00e8s du centre de Naoussa, sur Paros dans les \u00eeles grecques. Pr\u00e8s des chambres, il y a une jolie plage de sable.","breadcrumb":{"@id":"https:\/\/www.parosvillasophie.gr\/fr\/situation\/#breadcrumb"},"inLanguage":"fr-FR","potentialAction":[{"@type":"ReadAction","target":["https:\/\/www.parosvillasophie.gr\/fr\/situation\/"]}]},{"@type":"BreadcrumbList","@id":"https:\/\/www.parosvillasophie.gr\/fr\/situation\/#breadcrumb","itemListElement":[{"@type":"ListItem","position":1,"name":"Home","item":"https:\/\/www.parosvillasophie.gr\/fr\/"},{"@type":"ListItem","position":2,"name":"Emplacement"}]},{"@type":"WebSite","@id":"https:\/\/www.parosvillasophie.gr\/fr\/#website","url":"https:\/\/www.parosvillasophie.gr\/fr\/","name":"Villa Sophie","description":"Hotel in Naoussa Paros","publisher":{"@id":"https:\/\/www.parosvillasophie.gr\/fr\/#organization"},"potentialAction":[{"@type":"SearchAction","target":{"@type":"EntryPoint","urlTemplate":"https:\/\/www.parosvillasophie.gr\/fr\/?s={search_term_string}"},"query-input":{"@type":"PropertyValueSpecification","valueRequired":true,"valueName":"search_term_string"}}],"inLanguage":"fr-FR"},{"@type":"Organization","@id":"https:\/\/www.parosvillasophie.gr\/fr\/#organization","name":"Paros Villa Sophie","url":"https:\/\/www.parosvillasophie.gr\/fr\/","logo":{"@type":"ImageObject","inLanguage":"fr-FR","@id":"https:\/\/www.parosvillasophie.gr\/fr\/#\/schema\/logo\/image\/","url":"https:\/\/parosvillasophie.gr\/wp-content\/uploads\/2020\/01\/avada-logo-x2.png","contentUrl":"https:\/\/parosvillasophie.gr\/wp-content\/uploads\/2020\/01\/avada-logo-x2.png","width":400,"height":170,"caption":"Paros Villa Sophie"},"image":{"@id":"https:\/\/www.parosvillasophie.gr\/fr\/#\/schema\/logo\/image\/"},"sameAs":["https:\/\/www.facebook.com\/parosvillasophie.gr\/"]}]}},"_links":{"self":[{"href":"https:\/\/www.parosvillasophie.gr\/fr\/wp-json\/wp\/v2\/pages\/2222","targetHints":{"allow":["GET"]}}],"collection":[{"href":"https:\/\/www.parosvillasophie.gr\/fr\/wp-json\/wp\/v2\/pages"}],"about":[{"href":"https:\/\/www.parosvillasophie.gr\/fr\/wp-json\/wp\/v2\/types\/page"}],"author":[{"embeddable":true,"href":"https:\/\/www.parosvillasophie.gr\/fr\/wp-json\/wp\/v2\/users\/1"}],"replies":[{"embeddable":true,"href":"https:\/\/www.parosvillasophie.gr\/fr\/wp-json\/wp\/v2\/comments?post=2222"}],"version-history":[{"count":6,"href":"https:\/\/www.parosvillasophie.gr\/fr\/wp-json\/wp\/v2\/pages\/2222\/revisions"}],"predecessor-version":[{"id":16197,"href":"https:\/\/www.parosvillasophie.gr\/fr\/wp-json\/wp\/v2\/pages\/2222\/revisions\/16197"}],"wp:attachment":[{"href":"https:\/\/www.parosvillasophie.gr\/fr\/wp-json\/wp\/v2\/media?parent=2222"}],"curies":[{"name":"wp","href":"https:\/\/api.w.org\/{rel}","templated":true}]}}